{"id":20,"date":"2025-01-25T19:16:23","date_gmt":"2025-01-25T18:16:23","guid":{"rendered":"http:\/\/killianaero.com\/?page_id=20"},"modified":"2025-01-26T17:23:19","modified_gmt":"2025-01-26T16:23:19","slug":"about","status":"publish","type":"page","link":"http:\/\/killianaero.com\/?page_id=20","title":{"rendered":"QUI SUIS-JE"},"content":{"rendered":"\n<div class=\"wp-block-group alignfull has-global-padding is-layout-constrained wp-container-core-group-is-layout-0c9c989a wp-block-group-is-layout-constrained\" style=\"min-height:0vh;margin-top:0;margin-bottom:0;padding-top:var(--wp--preset--spacing--70);padding-right:var(--wp--preset--spacing--40);padding-bottom:var(--wp--preset--spacing--70);padding-left:var(--wp--preset--spacing--40)\">\n<div class=\"wp-block-group has-global-padding is-layout-constrained wp-container-core-group-is-layout-346627ba wp-block-group-is-layout-constrained\">\n<p class=\"has-text-align-center\">Je m&rsquo;appelle Killian, passionn\u00e9 d&rsquo;a\u00e9ronautique depuis le plus jeune age je vous pr\u00e9sente mon parcours en quelques lignes.<\/p>\n\n\n\n<div class=\"wp-block-buttons is-content-justification-center is-layout-flex wp-container-core-buttons-is-layout-a89b3969 wp-block-buttons-is-layout-flex\">\n<div class=\"wp-block-button\"><a class=\"wp-block-button__link wp-element-button\" href=\"https:\/\/www.parlonsaviation.com\/2019\/06\/11\/episode-40\/\">Podcast  Parlons Aviation<\/a><\/div>\n<\/div>\n<\/div>\n<\/div>\n\n\n\n<div class=\"wp-block-group alignfull is-style-section-1 has-global-padding is-layout-constrained wp-block-group-is-layout-constrained is-style-section-1--1\" style=\"margin-top:0;margin-bottom:0;padding-top:var(--wp--preset--spacing--80);padding-bottom:var(--wp--preset--spacing--80)\">\n<div class=\"wp-block-columns alignwide is-layout-flex wp-container-core-columns-is-layout-66fad18a wp-block-columns-is-layout-flex\">\n<div class=\"wp-block-column is-layout-flow wp-block-column-is-layout-flow\" style=\"padding-right:var(--wp--preset--spacing--50);flex-basis:45%\">\n<figure class=\"wp-block-image size-full\"><img loading=\"lazy\" decoding=\"async\" width=\"1116\" height=\"1116\" src=\"http:\/\/killianaero.com\/wp-content\/uploads\/2025\/01\/0B0D6CA2-4F70-4003-B62A-30781086C5FF.jpg\" alt=\"\" class=\"wp-image-101\" srcset=\"http:\/\/killianaero.com\/wp-content\/uploads\/2025\/01\/0B0D6CA2-4F70-4003-B62A-30781086C5FF.jpg 1116w, http:\/\/killianaero.com\/wp-content\/uploads\/2025\/01\/0B0D6CA2-4F70-4003-B62A-30781086C5FF-300x300.jpg 300w, http:\/\/killianaero.com\/wp-content\/uploads\/2025\/01\/0B0D6CA2-4F70-4003-B62A-30781086C5FF-1024x1024.jpg 1024w, http:\/\/killianaero.com\/wp-content\/uploads\/2025\/01\/0B0D6CA2-4F70-4003-B62A-30781086C5FF-150x150.jpg 150w, http:\/\/killianaero.com\/wp-content\/uploads\/2025\/01\/0B0D6CA2-4F70-4003-B62A-30781086C5FF-768x768.jpg 768w\" sizes=\"auto, (max-width: 1116px) 100vw, 1116px\" \/><\/figure>\n\n\n\n<div class=\"wp-block-group has-global-padding is-layout-constrained wp-block-group-is-layout-constrained\" style=\"margin-top:-12vw\">\n<figure class=\"wp-block-image alignright size-full is-resized\" style=\"margin-right:-5vw;margin-left:-5vw\"><img loading=\"lazy\" decoding=\"async\" width=\"2560\" height=\"1920\" src=\"http:\/\/killianaero.com\/wp-content\/uploads\/2025\/01\/GOPR0249-scaled.jpg\" alt=\"\" class=\"wp-image-102\" style=\"width:202px\" srcset=\"http:\/\/killianaero.com\/wp-content\/uploads\/2025\/01\/GOPR0249-scaled.jpg 2560w, http:\/\/killianaero.com\/wp-content\/uploads\/2025\/01\/GOPR0249-300x225.jpg 300w, http:\/\/killianaero.com\/wp-content\/uploads\/2025\/01\/GOPR0249-1024x768.jpg 1024w, http:\/\/killianaero.com\/wp-content\/uploads\/2025\/01\/GOPR0249-768x576.jpg 768w, http:\/\/killianaero.com\/wp-content\/uploads\/2025\/01\/GOPR0249-1536x1152.jpg 1536w, http:\/\/killianaero.com\/wp-content\/uploads\/2025\/01\/GOPR0249-2048x1536.jpg 2048w\" sizes=\"auto, (max-width: 2560px) 100vw, 2560px\" \/><figcaption class=\"wp-element-caption\"><strong>2011-Aeroclub Lorient<\/strong><\/figcaption><\/figure>\n<\/div>\n<\/div>\n\n\n\n<div class=\"wp-block-column is-vertically-aligned-center is-layout-flow wp-block-column-is-layout-flow\" style=\"padding-right:0;padding-left:0;flex-basis:50%\">\n<div class=\"wp-block-group is-vertical is-layout-flex wp-container-core-group-is-layout-fe9cc265 wp-block-group-is-layout-flex\">\n<h2 class=\"wp-block-heading is-style-text-annotation is-style-text-annotation--2\">\u00c0 propos<\/h2>\n<\/div>\n\n\n\n<p class=\"is-style-text-subtitle is-style-text-subtitle--3\"><strong>Depuis l&rsquo;a\u00e9roclub jusqu&rsquo;\u00e0 l&rsquo;Airbus A350<\/strong>, quelle aventure ! Depuis mes premiers pas en a\u00e9roclub en 2004 \u00e0 l&rsquo;\u00e2ge de 13ans, quelques vingt ann\u00e9es plus tard et plus de 5000 heures de vols au compteur, me voici aujourd&rsquo;hui aux commandes d&rsquo;un Airbus A350 d&rsquo;Air France .<\/p>\n<\/div>\n<\/div>\n<\/div>\n\n\n\n<div class=\"wp-block-group alignfull has-global-padding is-layout-constrained wp-container-core-group-is-layout-ebee8dc1 wp-block-group-is-layout-constrained\" style=\"margin-top:0;margin-bottom:0;padding-top:var(--wp--preset--spacing--50);padding-bottom:var(--wp--preset--spacing--50)\">\n<h2 class=\"wp-block-heading alignwide\">Diff\u00e9rentes exp\u00e9riences<\/h2>\n\n\n\n<div class=\"wp-block-columns alignwide is-layout-flex wp-container-core-columns-is-layout-28f84493 wp-block-columns-is-layout-flex\">\n<div class=\"wp-block-column is-layout-flow wp-block-column-is-layout-flow\">\n<figure class=\"wp-block-image size-full\" style=\"margin-bottom:24px\"><img loading=\"lazy\" decoding=\"async\" width=\"800\" height=\"450\" src=\"http:\/\/killianaero.com\/wp-content\/uploads\/2025\/01\/championnat-du-monde.jpg\" alt=\"\" class=\"wp-image-106\" style=\"aspect-ratio:4\/3;object-fit:cover\" srcset=\"http:\/\/killianaero.com\/wp-content\/uploads\/2025\/01\/championnat-du-monde.jpg 800w, http:\/\/killianaero.com\/wp-content\/uploads\/2025\/01\/championnat-du-monde-300x169.jpg 300w, http:\/\/killianaero.com\/wp-content\/uploads\/2025\/01\/championnat-du-monde-768x432.jpg 768w\" sizes=\"auto, (max-width: 800px) 100vw, 800px\" \/><\/figure>\n\n\n\n<h3 class=\"wp-block-heading\">Sports a\u00e9rien<\/h3>\n\n\n\n<p class=\"has-medium-font-size\">Je pratique le pilotage de pr\u00e9cision depuis 2012. Ma progression m&rsquo;a permis d&rsquo;acceder \u00e0 l&rsquo;\u00e9quipe de France et defendre nos couleurs aux mondiaux de Skive (Danemark) en 2015 et d&rsquo;Albi en 2022.<\/p>\n\n\n\n<div class=\"wp-block-buttons is-content-justification-center is-layout-flex wp-container-core-buttons-is-layout-a89b3969 wp-block-buttons-is-layout-flex\">\n<div class=\"wp-block-button\"><a class=\"wp-block-button__link wp-element-button\" href=\"https:\/\/www.ffa-aero.fr\/FR\/frm_Sports_Preci_Initiation.awp\" style=\"border-width:31px;padding-top:var(--wp--preset--spacing--20);padding-bottom:var(--wp--preset--spacing--20)\">Plus d&rsquo;infos sur le site de la FFA<\/a><\/div>\n<\/div>\n<\/div>\n\n\n\n<div class=\"wp-block-column is-layout-flow wp-block-column-is-layout-flow\">\n<figure class=\"wp-block-image size-full\" style=\"margin-bottom:24px\"><img loading=\"lazy\" decoding=\"async\" width=\"2560\" height=\"1696\" src=\"http:\/\/killianaero.com\/wp-content\/uploads\/2025\/01\/DSC_1370-scaled.jpg\" alt=\"\" class=\"wp-image-107\" style=\"aspect-ratio:4\/3;object-fit:cover\" srcset=\"http:\/\/killianaero.com\/wp-content\/uploads\/2025\/01\/DSC_1370-scaled.jpg 2560w, http:\/\/killianaero.com\/wp-content\/uploads\/2025\/01\/DSC_1370-300x199.jpg 300w, http:\/\/killianaero.com\/wp-content\/uploads\/2025\/01\/DSC_1370-1024x678.jpg 1024w, http:\/\/killianaero.com\/wp-content\/uploads\/2025\/01\/DSC_1370-768x509.jpg 768w, http:\/\/killianaero.com\/wp-content\/uploads\/2025\/01\/DSC_1370-1536x1017.jpg 1536w, http:\/\/killianaero.com\/wp-content\/uploads\/2025\/01\/DSC_1370-2048x1356.jpg 2048w\" sizes=\"auto, (max-width: 2560px) 100vw, 2560px\" \/><\/figure>\n\n\n\n<h3 class=\"wp-block-heading\">Instructeur avion<\/h3>\n\n\n\n<p class=\"has-medium-font-size\">Depuis 2013 je suis instructeur en a\u00e9roclub, afin de garder la main sur le pilotage basique d&rsquo;un avion et ainsi revenir aux fondamentaux de l&rsquo;a\u00e9ronautique. J&rsquo;ai ainsi form\u00e9 pendant quelques 2000 heures de vols.<\/p>\n\n\n\n<div class=\"wp-block-buttons is-content-justification-center is-layout-flex wp-container-core-buttons-is-layout-a89b3969 wp-block-buttons-is-layout-flex\">\n<div class=\"wp-block-button\"><a class=\"wp-block-button__link wp-element-button\" href=\"https:\/\/aeroclub-loire-atlantique.fr\/\" style=\"border-width:1px;padding-top:var(--wp--preset--spacing--20);padding-right:var(--wp--preset--spacing--20);padding-bottom:var(--wp--preset--spacing--20);padding-left:var(--wp--preset--spacing--20)\">A\u00e9roclub de Loire Atlantique<\/a><\/div>\n<\/div>\n<\/div>\n\n\n\n<div class=\"wp-block-column is-layout-flow wp-block-column-is-layout-flow\">\n<figure class=\"wp-block-image size-full\" style=\"margin-bottom:24px\"><img loading=\"lazy\" decoding=\"async\" width=\"800\" height=\"450\" src=\"http:\/\/killianaero.com\/wp-content\/uploads\/2025\/01\/chalair.jpg\" alt=\"\" class=\"wp-image-109\" style=\"aspect-ratio:4\/3;object-fit:cover\" srcset=\"http:\/\/killianaero.com\/wp-content\/uploads\/2025\/01\/chalair.jpg 800w, http:\/\/killianaero.com\/wp-content\/uploads\/2025\/01\/chalair-300x169.jpg 300w, http:\/\/killianaero.com\/wp-content\/uploads\/2025\/01\/chalair-768x432.jpg 768w\" sizes=\"auto, (max-width: 800px) 100vw, 800px\" \/><\/figure>\n\n\n\n<h3 class=\"wp-block-heading has-accent-4-color has-text-color has-link-color wp-elements-b8bece0d42f2ab48f87b2d81778acdcc\" style=\"letter-spacing:3px\"><strong>CHALAIR<\/strong><\/h3>\n\n\n\n<p class=\"has-medium-font-size\">De 2016 \u00e0 2019 j&rsquo;ai vol\u00e9 sur Beechcraft 1900D au sein de Chalair Aviation. J&rsquo;ai pu ainsi obtenir ma premi\u00e8re experience en tant que commandant de bord d&rsquo;un avion de commercial de 19 places.<\/p>\n\n\n\n<div class=\"wp-block-buttons is-content-justification-center is-layout-flex wp-container-core-buttons-is-layout-a89b3969 wp-block-buttons-is-layout-flex\">\n<div class=\"wp-block-button\"><a class=\"wp-block-button__link wp-element-button\" href=\"https:\/\/www.chalair.fr\/\" style=\"border-width:28px;border-radius:52px;padding-top:var(--wp--preset--spacing--20);padding-right:var(--wp--preset--spacing--20);padding-bottom:var(--wp--preset--spacing--20);padding-left:var(--wp--preset--spacing--20)\">Chalair aviation<\/a><\/div>\n<\/div>\n<\/div>\n<\/div>\n<\/div>\n\n\n\n<div class=\"wp-block-group alignfull has-global-padding is-layout-constrained wp-block-group-is-layout-constrained\" style=\"margin-top:0;margin-bottom:0;padding-top:var(--wp--preset--spacing--60);padding-bottom:var(--wp--preset--spacing--60)\">\n<div class=\"wp-block-columns alignwide is-layout-flex wp-container-core-columns-is-layout-74b2cda3 wp-block-columns-is-layout-flex\">\n<div class=\"wp-block-column is-layout-flow wp-block-column-is-layout-flow\">\n<div class=\"wp-block-group is-vertical is-content-justification-left is-layout-flex wp-container-core-group-is-layout-7ce391b6 wp-block-group-is-layout-flex\" style=\"min-height:100%\">\n<h2 class=\"wp-block-heading is-style-text-display has-text-color has-link-color wp-elements-789a35696f562e07d23875b190aa41f5 is-style-text-display--4\" style=\"color:#ca2626\"><strong>Hop<em>!<\/em><\/strong><\/h2>\n\n\n\n<p class=\"has-medium-font-size wp-container-content-9cfa9a5a\">En 2019, j&rsquo;int\u00e8gre le groupe Air France chez sa filiale Hop! Je d\u00e9bute ainsi ma pr\u00e9mi\u00e8re exp\u00e9rience sur avion \u00e0 r\u00e9action sur le Bombardier CRJ700 et sa variante le CRJ1000. 2022 marque l&rsquo;arr\u00eat de cet appareil dans la compagnie et ainsi je me vois voler sur un nouvel appareil du constructeur Br\u00e9silien, l&rsquo;Embraer 170 et 190.<\/p>\n\n\n\n<figure class=\"wp-block-image has-custom-border\" style=\"margin-top:var(--wp--preset--spacing--20);margin-right:0;margin-bottom:var(--wp--preset--spacing--20);margin-left:0\"><img loading=\"lazy\" decoding=\"async\" width=\"1920\" height=\"1280\" src=\"http:\/\/killianaero.com\/wp-content\/uploads\/2025\/01\/IMG_8619.jpg\" alt=\"\" class=\"wp-image-119\" style=\"border-radius:11px\" srcset=\"http:\/\/killianaero.com\/wp-content\/uploads\/2025\/01\/IMG_8619.jpg 1920w, http:\/\/killianaero.com\/wp-content\/uploads\/2025\/01\/IMG_8619-300x200.jpg 300w, http:\/\/killianaero.com\/wp-content\/uploads\/2025\/01\/IMG_8619-1024x683.jpg 1024w, http:\/\/killianaero.com\/wp-content\/uploads\/2025\/01\/IMG_8619-768x512.jpg 768w, http:\/\/killianaero.com\/wp-content\/uploads\/2025\/01\/IMG_8619-1536x1024.jpg 1536w\" sizes=\"auto, (max-width: 1920px) 100vw, 1920px\" \/><\/figure>\n\n\n\n<blockquote class=\"wp-block-quote is-style-plain has-x-large-font-size is-layout-flow wp-container-core-quote-is-layout-5dafc681 wp-block-quote-is-layout-flow is-style-plain--5\" style=\"font-style:normal;font-weight:400\">\n<p><\/p>\n<\/blockquote>\n<\/div>\n<\/div>\n\n\n\n<div class=\"wp-block-column is-layout-flow wp-block-column-is-layout-flow\" style=\"padding-top:0;padding-right:0;padding-bottom:0;padding-left:0\">\n<figure class=\"wp-block-image alignright size-full is-resized\"><img loading=\"lazy\" decoding=\"async\" width=\"2560\" height=\"1707\" src=\"http:\/\/killianaero.com\/wp-content\/uploads\/2025\/01\/IMG_3464-scaled.jpg\" alt=\"\" class=\"wp-image-112\" style=\"aspect-ratio:1;object-fit:contain;width:553px;height:auto\" srcset=\"http:\/\/killianaero.com\/wp-content\/uploads\/2025\/01\/IMG_3464-scaled.jpg 2560w, http:\/\/killianaero.com\/wp-content\/uploads\/2025\/01\/IMG_3464-300x200.jpg 300w, http:\/\/killianaero.com\/wp-content\/uploads\/2025\/01\/IMG_3464-1024x683.jpg 1024w, http:\/\/killianaero.com\/wp-content\/uploads\/2025\/01\/IMG_3464-768x512.jpg 768w, http:\/\/killianaero.com\/wp-content\/uploads\/2025\/01\/IMG_3464-1536x1024.jpg 1536w, http:\/\/killianaero.com\/wp-content\/uploads\/2025\/01\/IMG_3464-2048x1365.jpg 2048w\" sizes=\"auto, (max-width: 2560px) 100vw, 2560px\" \/><\/figure>\n\n\n\n<figure class=\"wp-block-image size-large is-resized has-custom-border\" style=\"margin-top:var(--wp--preset--spacing--80);margin-right:var(--wp--preset--spacing--60);margin-bottom:0;margin-left:var(--wp--preset--spacing--60)\"><img loading=\"lazy\" decoding=\"async\" width=\"768\" height=\"1024\" src=\"http:\/\/killianaero.com\/wp-content\/uploads\/2025\/01\/IMG_5554-768x1024.jpg\" alt=\"\" class=\"wp-image-121\" style=\"border-style:none;border-width:0px;border-radius:0px;aspect-ratio:4\/3;object-fit:cover;width:auto;height:400px\" srcset=\"http:\/\/killianaero.com\/wp-content\/uploads\/2025\/01\/IMG_5554-768x1024.jpg 768w, http:\/\/killianaero.com\/wp-content\/uploads\/2025\/01\/IMG_5554-225x300.jpg 225w, http:\/\/killianaero.com\/wp-content\/uploads\/2025\/01\/IMG_5554-1152x1536.jpg 1152w, http:\/\/killianaero.com\/wp-content\/uploads\/2025\/01\/IMG_5554-1536x2048.jpg 1536w, http:\/\/killianaero.com\/wp-content\/uploads\/2025\/01\/IMG_5554-scaled.jpg 1920w\" sizes=\"auto, (max-width: 768px) 100vw, 768px\" \/><\/figure>\n<\/div>\n<\/div>\n<\/div>\n\n\n\n<div class=\"wp-block-group alignfull has-global-padding is-layout-constrained wp-block-group-is-layout-constrained\" style=\"margin-top:0;margin-bottom:0;padding-top:var(--wp--preset--spacing--60);padding-bottom:var(--wp--preset--spacing--60)\">\n<div class=\"wp-block-columns alignwide is-layout-flex wp-container-core-columns-is-layout-74b2cda3 wp-block-columns-is-layout-flex\">\n<div class=\"wp-block-column is-layout-flow wp-block-column-is-layout-flow\">\n<div class=\"wp-block-group is-vertical is-content-justification-left is-layout-flex wp-container-core-group-is-layout-7ce391b6 wp-block-group-is-layout-flex\" style=\"min-height:100%\">\n<h2 class=\"wp-block-heading is-style-text-display has-text-color has-link-color wp-elements-3995381d879e50d73cb2ac10f147bb18 is-style-text-display--6\" style=\"color:#399622\"><strong>Transavia<\/strong><\/h2>\n\n\n\n<p class=\"has-medium-font-size wp-container-content-9cfa9a5a\">En 2023 j&rsquo;integre Air France ! Je d\u00e9bute cette nouvelle exp\u00e9rience via un d\u00e9tachement dans la compagnie \u00e0 bas co\u00fbt Transavia sur ses Boeing 737-800, j&rsquo;y resterai une petite ann\u00e9e jusqu&rsquo;\u00e0 une nouvelle experience &#8230;<\/p>\n\n\n\n<blockquote class=\"wp-block-quote is-style-plain has-x-large-font-size is-layout-flow wp-container-core-quote-is-layout-5dafc681 wp-block-quote-is-layout-flow is-style-plain--7\" style=\"font-style:normal;font-weight:400\">\n<p><\/p>\n<\/blockquote>\n<\/div>\n<\/div>\n\n\n\n<div class=\"wp-block-column is-layout-flow wp-block-column-is-layout-flow\" style=\"padding-top:0;padding-right:0;padding-bottom:0;padding-left:0\">\n<figure class=\"wp-block-image size-full is-resized has-custom-border\" style=\"margin-top:0;margin-right:0;margin-bottom:0;margin-left:0\"><img loading=\"lazy\" decoding=\"async\" width=\"1366\" height=\"1365\" src=\"http:\/\/killianaero.com\/wp-content\/uploads\/2025\/01\/455335017_10161690505934914_5198163096265703853_n.jpg\" alt=\"\" class=\"wp-image-117\" style=\"border-style:none;border-width:0px;border-radius:41px;width:595px;height:auto\" srcset=\"http:\/\/killianaero.com\/wp-content\/uploads\/2025\/01\/455335017_10161690505934914_5198163096265703853_n.jpg 1366w, http:\/\/killianaero.com\/wp-content\/uploads\/2025\/01\/455335017_10161690505934914_5198163096265703853_n-300x300.jpg 300w, http:\/\/killianaero.com\/wp-content\/uploads\/2025\/01\/455335017_10161690505934914_5198163096265703853_n-1024x1024.jpg 1024w, http:\/\/killianaero.com\/wp-content\/uploads\/2025\/01\/455335017_10161690505934914_5198163096265703853_n-150x150.jpg 150w, http:\/\/killianaero.com\/wp-content\/uploads\/2025\/01\/455335017_10161690505934914_5198163096265703853_n-768x767.jpg 768w\" sizes=\"auto, (max-width: 1366px) 100vw, 1366px\" \/><\/figure>\n<\/div>\n<\/div>\n<\/div>\n\n\n\n<div class=\"wp-block-group alignfull has-global-padding is-layout-constrained wp-block-group-is-layout-constrained\" style=\"margin-top:0;margin-bottom:0;padding-top:var(--wp--preset--spacing--60);padding-bottom:var(--wp--preset--spacing--60)\">\n<div class=\"wp-block-columns alignwide is-layout-flex wp-container-core-columns-is-layout-74b2cda3 wp-block-columns-is-layout-flex\">\n<div class=\"wp-block-column is-layout-flow wp-block-column-is-layout-flow\">\n<div class=\"wp-block-group is-vertical is-content-justification-left is-layout-flex wp-container-core-group-is-layout-7ce391b6 wp-block-group-is-layout-flex\" style=\"min-height:100%\">\n<h2 class=\"wp-block-heading is-style-text-display has-text-color has-link-color wp-elements-e3a3a3fa61a87f74266d4d7a9c04303a is-style-text-display--8\" style=\"color:#0f1985\"><strong>Air France<\/strong><\/h2>\n\n\n\n<p class=\"has-medium-font-size wp-container-content-9cfa9a5a\">Depuis 2024, je reviens chez Air France sur Airbus A350-900, le d\u00e9but d&rsquo;une nouvelle aventure sur le long courrier &#8230;<\/p>\n\n\n\n<blockquote class=\"wp-block-quote is-style-plain has-x-large-font-size is-layout-flow wp-container-core-quote-is-layout-5dafc681 wp-block-quote-is-layout-flow is-style-plain--9\" style=\"font-style:normal;font-weight:400\">\n<p><\/p>\n<\/blockquote>\n<\/div>\n<\/div>\n\n\n\n<div class=\"wp-block-column is-layout-flow wp-block-column-is-layout-flow\" style=\"padding-top:0;padding-right:0;padding-bottom:0;padding-left:0\">\n<figure class=\"wp-block-image size-full is-resized has-custom-border\" style=\"margin-top:0;margin-right:0;margin-bottom:0;margin-left:0\"><img loading=\"lazy\" decoding=\"async\" width=\"970\" height=\"584\" src=\"http:\/\/killianaero.com\/wp-content\/uploads\/2025\/01\/afr-a350-1-c-air-france-970_78903.jpg\" alt=\"\" class=\"wp-image-123\" style=\"border-style:none;border-width:0px;border-radius:41px;width:595px;height:auto\" srcset=\"http:\/\/killianaero.com\/wp-content\/uploads\/2025\/01\/afr-a350-1-c-air-france-970_78903.jpg 970w, http:\/\/killianaero.com\/wp-content\/uploads\/2025\/01\/afr-a350-1-c-air-france-970_78903-300x181.jpg 300w, http:\/\/killianaero.com\/wp-content\/uploads\/2025\/01\/afr-a350-1-c-air-france-970_78903-768x462.jpg 768w\" sizes=\"auto, (max-width: 970px) 100vw, 970px\" \/><\/figure>\n<\/div>\n<\/div>\n<\/div>\n\n\n\n<p><\/p>\n","protected":false},"excerpt":{"rendered":"<p>Je m&rsquo;appelle Killian, passionn\u00e9 d&rsquo;a\u00e9ronautique depuis le plus jeune age je vous pr\u00e9sente mon parcours en quelques lignes. \u00c0 propos Depuis l&rsquo;a\u00e9roclub jusqu&rsquo;\u00e0 l&rsquo;Airbus A350, quelle aventure ! Depuis mes premiers pas en a\u00e9roclub en 2004 \u00e0 l&rsquo;\u00e2ge de 13ans, quelques vingt ann\u00e9es plus tard et plus de 5000 heures de vols au compteur, me [&hellip;]<\/p>\n","protected":false},"author":1,"featured_media":0,"parent":0,"menu_order":0,"comment_status":"closed","ping_status":"closed","template":"","meta":{"footnotes":""},"class_list":["post-20","page","type-page","status-publish","hentry"],"_links":{"self":[{"href":"http:\/\/killianaero.com\/index.php?rest_route=\/wp\/v2\/pages\/20","targetHints":{"allow":["GET"]}}],"collection":[{"href":"http:\/\/killianaero.com\/index.php?rest_route=\/wp\/v2\/pages"}],"about":[{"href":"http:\/\/killianaero.com\/index.php?rest_route=\/wp\/v2\/types\/page"}],"author":[{"embeddable":true,"href":"http:\/\/killianaero.com\/index.php?rest_route=\/wp\/v2\/users\/1"}],"replies":[{"embeddable":true,"href":"http:\/\/killianaero.com\/index.php?rest_route=%2Fwp%2Fv2%2Fcomments&post=20"}],"version-history":[{"count":18,"href":"http:\/\/killianaero.com\/index.php?rest_route=\/wp\/v2\/pages\/20\/revisions"}],"predecessor-version":[{"id":139,"href":"http:\/\/killianaero.com\/index.php?rest_route=\/wp\/v2\/pages\/20\/revisions\/139"}],"wp:attachment":[{"href":"http:\/\/killianaero.com\/index.php?rest_route=%2Fwp%2Fv2%2Fmedia&parent=20"}],"curies":[{"name":"wp","href":"https:\/\/api.w.org\/{rel}","templated":true}]}}